{"id":23,"date":"2020-01-14T07:45:38","date_gmt":"2020-01-14T07:45:38","guid":{"rendered":"https:\/\/www.tiroler-dobermannklub.com\/?page_id=23"},"modified":"2026-04-08T06:39:09","modified_gmt":"2026-04-08T06:39:09","slug":"verein","status":"publish","type":"page","link":"https:\/\/www.tiroler-dobermannklub.com\/?page_id=23","title":{"rendered":"Verein"},"content":{"rendered":"\n<h2 class=\"wp-block-heading\">\u00dcber uns<\/h2>\n\n\n\n<p>Unser Verein, der Tiroler Dobermann Klub ist eine Ortsgruppe des \u00d6sterreichischen Dobermann Klubs (\u00d6DK) und wurde im Jahr 1992 gegr\u00fcndet.<\/p>\n\n\n\n<p>Seit Oktober 2023 hat der Vorstand gewechselt und der Trainingsplatz wurde <strong>von Innsbruck nach Waidring <\/strong>verlegt. Am neuen Trainingspaltz werden regelm\u00e4\u00dfig wieder Kurse, Veranstaltungen wie Ortsgruppenpr\u00fcfungen, Wurftreffen, Ausstellungen und Turniere veranstaltet. Ebenfalls wird es wieder Trainingslager und interessante Workshops in Sachen Hundesport und Ausbildung geben.<\/p>\n\n\n\n<p><strong>Hier ein kurzer historischer \u00dcberblick zum TDK&#8230;&#8230;&#8230;&#8230;&#8230;&#8230;..<\/strong><\/p>\n\n\n\n<p>Die Gr\u00fcndungsmitglieder waren:<br>&nbsp;&nbsp;&nbsp;&nbsp;&nbsp;&nbsp;&nbsp;&nbsp;&nbsp;&nbsp;&nbsp;&nbsp;&nbsp;&nbsp;&nbsp;&nbsp;&nbsp;&nbsp;&nbsp;&nbsp;&nbsp;&nbsp;&nbsp;&nbsp;&nbsp;&nbsp;&nbsp;&nbsp;&nbsp;&nbsp;&nbsp;&nbsp;&nbsp;&nbsp;&nbsp;&nbsp;&nbsp;&nbsp;&nbsp;&nbsp;&nbsp;&nbsp;&nbsp;&nbsp;&nbsp;&nbsp;&nbsp;&nbsp;&nbsp;&nbsp;&nbsp;&nbsp;&nbsp;&nbsp;&nbsp;&nbsp;&nbsp;&nbsp;&nbsp;&nbsp;&nbsp;&nbsp; <strong>Sponring Gerhard<\/strong><br>&nbsp;&nbsp;&nbsp;&nbsp;&nbsp;&nbsp;&nbsp;&nbsp;&nbsp;&nbsp;&nbsp;&nbsp;&nbsp;&nbsp;&nbsp;&nbsp;&nbsp;&nbsp;&nbsp;&nbsp;&nbsp;&nbsp;&nbsp;&nbsp;&nbsp;&nbsp;&nbsp;&nbsp;&nbsp;&nbsp;&nbsp;&nbsp;&nbsp;&nbsp;&nbsp;&nbsp;&nbsp;&nbsp;&nbsp;&nbsp;&nbsp;&nbsp;&nbsp;&nbsp;&nbsp;&nbsp;&nbsp;&nbsp;&nbsp;&nbsp;&nbsp;&nbsp;&nbsp;&nbsp;&nbsp;&nbsp;&nbsp;&nbsp;&nbsp;&nbsp;&nbsp;&nbsp;<strong> Fischer Kurt<\/strong> <br>&nbsp;&nbsp;&nbsp;&nbsp;&nbsp;&nbsp;&nbsp;&nbsp;&nbsp;&nbsp;&nbsp;&nbsp;&nbsp;&nbsp;&nbsp;&nbsp;&nbsp;&nbsp;&nbsp;&nbsp;&nbsp;&nbsp;&nbsp;&nbsp;&nbsp;&nbsp;&nbsp;&nbsp;&nbsp;&nbsp;&nbsp;&nbsp;&nbsp;&nbsp;&nbsp;&nbsp;&nbsp;&nbsp;&nbsp;&nbsp;&nbsp;&nbsp;&nbsp;&nbsp;&nbsp;&nbsp;&nbsp;&nbsp;&nbsp;&nbsp;&nbsp;&nbsp;&nbsp;&nbsp;&nbsp;&nbsp;&nbsp;&nbsp;&nbsp;&nbsp;&nbsp;&nbsp; <strong>Winter Karl<\/strong><br>&nbsp;&nbsp;&nbsp;&nbsp;&nbsp;&nbsp;&nbsp;&nbsp;&nbsp;&nbsp;&nbsp;&nbsp;&nbsp;&nbsp;&nbsp;&nbsp;&nbsp;&nbsp;&nbsp;&nbsp;&nbsp;&nbsp;&nbsp;&nbsp;&nbsp;&nbsp;&nbsp;&nbsp;&nbsp;&nbsp;&nbsp;&nbsp;&nbsp;&nbsp;&nbsp;&nbsp;&nbsp;&nbsp;&nbsp;&nbsp;&nbsp;&nbsp;&nbsp;&nbsp;&nbsp;&nbsp;&nbsp;&nbsp;&nbsp;&nbsp;&nbsp;&nbsp;&nbsp;&nbsp;&nbsp;&nbsp;&nbsp;&nbsp;&nbsp;&nbsp;&nbsp;&nbsp; <strong>Wasserer Georg<\/strong><\/p>\n\n\n\n<p>Der Grundgedanke bei der Gr\u00fcndung war es den \u00d6sterreichischen Dobermann Klub und somit die Rasse Dobermann im westlichen \u00d6sterreich zu repr\u00e4sentieren, f\u00fcr interessierte Personen, welche sich einen Dobermann anschaffen wollen Anlaufstelle zu sein (Information \u00fcber die Rasse, Welpenvermittlung und vor allem begleitende Ausbildung vom Begleit- und Familienhund bis zum F\u00e4hrten und Schutzhund) sowie die Rasse Dobermann gegen\u00fcber Dritten (Beh\u00f6rden, usw.) zu vertreten.<\/p>\n\n\n\n<p>Die Anzahl der Mitglieder des TDK hat in den ersten Vereinsjahren massiv zugelegt.<\/p>\n\n\n\n<p>In den Anfangsjahren hatten wir einen Abrichteplatz in Pettnau \u2013 Oberland, der uns allerdings wegen Eigenbedarf des Grundeigent\u00fcmers im Jahre 1993. gek\u00fcndigt wurde. Nach einigen Versuchen einen geeigneten Abrichteplatz zu finden (mehrer \u00dcbersiedelungen \u2013 Scharnitz, Grinzens und Patsch) wurden wir schlie\u00dflich in Stams \u2013 Oberland f\u00fcndig.<\/p>\n\n\n\n<p>Nachdem auch dieser Platz im Jahre 2003 ebenfalls vom Eigent\u00fcmer selbst gebraucht wurde hatten wir die Gelegenheit den heutigen Abrichteplatz in G\u00e4rberbach am 01.01.2004 zu besiedeln.<\/p>\n\n\n\n<p>Als Tiroler Dobermann Klub haben wir einige Veranstaltungen f\u00fcr den \u00d6sterreichischen Dobermann Klub mit Erfolg ausgerichtet:<\/p>\n\n\n\n<ol class=\"wp-block-list\">\n<li>1995\u00a0\u00a0\u00a0 1. \u00d6sterr. Bundesmeisterschaft und 20. Clubsiegerschau des \u00d6DK<\/li>\n\n\n\n<li>2004\u00a0\u00a0\u00a0 11.\u00d6sterr. Bundesmeisterschaft und 31. Clubsiegerschau des \u00d6DK\u00a0<\/li>\n\n\n\n<li>2016 \u00a0\u00a0 23.\u00d6sterr. Bundesmeisterschaft und 43. Clubsiegerschau des \u00d6DK<\/li>\n<\/ol>\n\n\n\n<p>Zudem hat der TDK unz\u00e4hlige begleitende T\u00e4tigkeiten bei nationalen und internationalen Hundeausstellungen, bei welchen unsere Mitglieder Ringleitung und Schreibt\u00e4tigkeiten \u00fcbernommen haben.<\/p>\n\n\n\n<p>In Hundsportlicher Hinsicht haben im laufe der Jahre mehrere Mitglieder bei Internation und nationalen Turnieren (mehrfache Dobermann-WM Starter) sowie bei vielen Pr\u00fcfungen hervorragende Leistungen mit ihren Doberm\u00e4nnern gezeigt.<\/p>\n\n\n\n<p>Die heutigen T\u00e4tigkeiten des TDK beinhalten neben der Hundeausbildung und Unterst\u00fctzung von Hundesportlern bei Ihrer Arbeit auch Hilfestellung bei der Weitervermittlung von Dobis, welche einen neue Heimat suchen, Welpen- bzw. Z\u00fcchtervermittlung, Problemhundeausbildung und die Vertretung der Rasse Dobermann nach au\u00dfen und gegen\u00fcber Beh\u00f6rden.<\/p>\n","protected":false},"excerpt":{"rendered":"<p>\u00dcber uns Unser Verein, der Tiroler Dobermann Klub ist eine Ortsgruppe des \u00d6sterreichischen Dobermann Klubs (\u00d6DK) und wurde im Jahr 1992 gegr\u00fcndet. Seit Oktober 2023 hat der Vorstand gewechselt und der Trainingsplatz wurde von Innsbruck nach Waidring verlegt. Am neuen Trainingspaltz werden regelm\u00e4\u00dfig wieder Kurse, Veranstaltungen wie Ortsgruppenpr\u00fcfungen, Wurftreffen, Ausstellungen und Turniere veranstaltet. Ebenfalls wird [&hellip;]<\/p>\n","protected":false},"author":1,"featured_media":0,"parent":0,"menu_order":0,"comment_status":"closed","ping_status":"closed","template":"","meta":{"ngg_post_thumbnail":0,"ocean_post_layout":"","ocean_both_sidebars_style":"","ocean_both_sidebars_content_width":0,"ocean_both_sidebars_sidebars_width":0,"ocean_sidebar":"0","ocean_second_sidebar":"0","ocean_disable_margins":"enable","ocean_add_body_class":"","ocean_shortcode_before_top_bar":"","ocean_shortcode_after_top_bar":"","ocean_shortcode_before_header":"","ocean_shortcode_after_header":"","ocean_has_shortcode":"","ocean_shortcode_after_title":"","ocean_shortcode_before_footer_widgets":"","ocean_shortcode_after_footer_widgets":"","ocean_shortcode_before_footer_bottom":"","ocean_shortcode_after_footer_bottom":"","ocean_display_top_bar":"default","ocean_display_header":"default","ocean_header_style":"","ocean_center_header_left_menu":"0","ocean_custom_header_template":"0","ocean_custom_logo":0,"ocean_custom_retina_logo":0,"ocean_custom_logo_max_width":0,"ocean_custom_logo_tablet_max_width":0,"ocean_custom_logo_mobile_max_width":0,"ocean_custom_logo_max_height":0,"ocean_custom_logo_tablet_max_height":0,"ocean_custom_logo_mobile_max_height":0,"ocean_header_custom_menu":"0","ocean_menu_typo_font_family":"0","ocean_menu_typo_font_subset":"","ocean_menu_typo_font_size":0,"ocean_menu_typo_font_size_tablet":0,"ocean_menu_typo_font_size_mobile":0,"ocean_menu_typo_font_size_unit":"px","ocean_menu_typo_font_weight":"","ocean_menu_typo_font_weight_tablet":"","ocean_menu_typo_font_weight_mobile":"","ocean_menu_typo_transform":"","ocean_menu_typo_transform_tablet":"","ocean_menu_typo_transform_mobile":"","ocean_menu_typo_line_height":0,"ocean_menu_typo_line_height_tablet":0,"ocean_menu_typo_line_height_mobile":0,"ocean_menu_typo_line_height_unit":"","ocean_menu_typo_spacing":0,"ocean_menu_typo_spacing_tablet":0,"ocean_menu_typo_spacing_mobile":0,"ocean_menu_typo_spacing_unit":"","ocean_menu_link_color":"","ocean_menu_link_color_hover":"","ocean_menu_link_color_active":"","ocean_menu_link_background":"","ocean_menu_link_hover_background":"","ocean_menu_link_active_background":"","ocean_menu_social_links_bg":"","ocean_menu_social_hover_links_bg":"","ocean_menu_social_links_color":"","ocean_menu_social_hover_links_color":"","ocean_disable_title":"default","ocean_disable_heading":"default","ocean_post_title":"","ocean_post_subheading":"","ocean_post_title_style":"","ocean_post_title_background_color":"","ocean_post_title_background":0,"ocean_post_title_bg_image_position":"","ocean_post_title_bg_image_attachment":"","ocean_post_title_bg_image_repeat":"","ocean_post_title_bg_image_size":"","ocean_post_title_height":0,"ocean_post_title_bg_overlay":0.5,"ocean_post_title_bg_overlay_color":"","ocean_disable_breadcrumbs":"default","ocean_breadcrumbs_color":"","ocean_breadcrumbs_separator_color":"","ocean_breadcrumbs_links_color":"","ocean_breadcrumbs_links_hover_color":"","ocean_display_footer_widgets":"default","ocean_display_footer_bottom":"default","ocean_custom_footer_template":"0","footnotes":""},"class_list":["post-23","page","type-page","status-publish","hentry","entry"],"_links":{"self":[{"href":"https:\/\/www.tiroler-dobermannklub.com\/index.php?rest_route=\/wp\/v2\/pages\/23","targetHints":{"allow":["GET"]}}],"collection":[{"href":"https:\/\/www.tiroler-dobermannklub.com\/index.php?rest_route=\/wp\/v2\/pages"}],"about":[{"href":"https:\/\/www.tiroler-dobermannklub.com\/index.php?rest_route=\/wp\/v2\/types\/page"}],"author":[{"embeddable":true,"href":"https:\/\/www.tiroler-dobermannklub.com\/index.php?rest_route=\/wp\/v2\/users\/1"}],"replies":[{"embeddable":true,"href":"https:\/\/www.tiroler-dobermannklub.com\/index.php?rest_route=%2Fwp%2Fv2%2Fcomments&post=23"}],"version-history":[{"count":18,"href":"https:\/\/www.tiroler-dobermannklub.com\/index.php?rest_route=\/wp\/v2\/pages\/23\/revisions"}],"predecessor-version":[{"id":868,"href":"https:\/\/www.tiroler-dobermannklub.com\/index.php?rest_route=\/wp\/v2\/pages\/23\/revisions\/868"}],"wp:attachment":[{"href":"https:\/\/www.tiroler-dobermannklub.com\/index.php?rest_route=%2Fwp%2Fv2%2Fmedia&parent=23"}],"curies":[{"name":"wp","href":"https:\/\/api.w.org\/{rel}","templated":true}]}}