{"id":197,"date":"2020-04-14T01:58:28","date_gmt":"2020-04-14T01:58:28","guid":{"rendered":"https:\/\/www.tiroler-dobermannklub.com\/?page_id=197"},"modified":"2026-04-08T07:07:43","modified_gmt":"2026-04-08T07:07:43","slug":"ausbildung","status":"publish","type":"page","link":"https:\/\/www.tiroler-dobermannklub.com\/?page_id=197","title":{"rendered":"Ausbildung"},"content":{"rendered":"<h1 style=\"text-align: center;\">Welpen<b> bzw. Junghunde<\/b><\/h1>\n<p><img decoding=\"async\" src=\"https:\/\/www.tiroler-dobermannklub.com\/wp-content\/uploads\/2020\/04\/1-welpen.jpg\" alt=\"\" width=\"252\" height=\"193\"><\/p>\n<p>Da im Welpenalter die Sozialisierung das wichtigste ist wird die besonders gef\u00f6rdert. Die sogen. Welpenspielstunde ist daf\u00fcr gedacht, dass der Welpen mit dem Umgang mit dem Menschen sowie anderen Hunden in allen Lebenslagen zurecht kommt. Dazu geh\u00f6rt das Spazierengehen, in Kaffeeh\u00e4user und Einkaufszentren gehen, Autofahren, Umgang mit Kindern, sich Dinge abnehmen lassen, usw.<\/p>\n<p>Die richtige Sozialisierung ist in den ersten 12 Lebenswochen besonders wichtig, da alles was der Welpe in dieser Zeit kennen lernt (Positive sowie negative Dinge) f\u00fcr Ihn normal erscheinen und auch in seinem gesamten weiteren Hundeleben kein Problem mehr darstellt. Zudem wird der Hundef\u00fchrer mit dem Wesen bzw. der Denkweise eines Hundes vertraut gemacht, speziell die Rangordnung, welche f\u00fcr ein positives Zusammenleben zwischen Mensch und Hund wichtig ist, aber auch wie grunds\u00e4tzliche Dinge wie z. Bsp. F\u00fctterung, Pflege, alleinlassen, Dinge zerst\u00f6ren, Stubenreinheit usw. werden in dieser Einheit mit eingebunden.<\/p>\n<p>Die Junghunde werden in kleinen Gruppen mit der grunds\u00e4tzlichen Unterordnung vertraut gemacht, wobei bei den einzelnen Hunden auf das jeweilige Individuum eingegangen wird.<\/p>\n<h1 style=\"text-align: center;\"><b>Begleithundeausbildung BH-VT oder MHT- Pr\u00fcfung<br \/>\n<\/b><\/h1>\n<p><img decoding=\"async\" src=\"https:\/\/www.tiroler-dobermannklub.com\/wp-content\/uploads\/2020\/04\/2-begleithunde.jpg\" alt=\"\" width=\"252\" height=\"193\"><\/p>\n<p>Die Begleithundeausbildung erfolg je nach Ausbildungsgrad des einzelnen Hundes und erfolgt in kleinen Gruppen, um auf den jeweilige Hund eingehen zu k\u00f6nnen.<br \/>\nHier wird der Hund zum guten und folgsamen Begleiter f\u00fcr seinen Besitzer, der die grundlegenden Befehle wie Fu\u00df, Sitz, Platz usw. beherrscht.<\/p>\n<p>Folgende Pr\u00fcfungen k\u00f6nnen abgelegt werden:<\/p>\n<p><b>&nbsp;<\/b><\/p>\n<p><b>BH-VT &amp; Mensch-Hund-Team Pr\u00fcfung :<\/b> Der Hund erlernt die Grundkommandos \u201eSitz, Platz, Fu\u00df\u201c sowie das durchqueren einer Personengruppe und die Vereinsamung. Zudem wird ein sogen. Verkehrsteil mit Kontakt zu Radfahrern, Joggern, Autos usw. gepr\u00fcft.<\/p>\n<p>Bei Hundef\u00fchrern, welche noch keine \u00d6KV-Pr\u00fcfung abgelegt haben wird ein theoretischer Teil absolviert (Vortrag von einem Tierarzt und einem Kynologen, welche Grunds\u00e4tzliches zum Hund vermitteln, aber auch Fragen der Kursteilnehmer beantworten.<\/p>\n<p><b>I-BGH 1:<\/b> Der Hund erlernt zus\u00e4tzlich ohne Leine zu gehen (Fu\u00dfgehen), zudem das Absitzen und das Platzgehen auf Kommando sowie das Ablegen.<\/p>\n<p><b>I-BGH 2:<\/b> Dem Hund wird zus\u00e4tzlich zur BGH 1 das Bringen eines Gegenstandes und das Voraussenden beigebracht.<\/p>\n<p><b>I-BGH 3:<\/b> Bei dieser Pr\u00fcfungsstufe wird der Hund generell ohne Leine gef\u00fchrt, zum sind mehrer Bring\u00fcbungen (ebene Erde und Kletterwand) zu absolvieren. Au\u00dferdem ist die \u00dcbung Steh zu zeigen.<\/p>\n<h1 style=\"text-align: center;\"><b>F\u00e4hrtenausbildung:<\/b><\/h1>\n<p><img fetchpriority=\"high\" decoding=\"async\" src=\"https:\/\/www.tiroler-dobermannklub.com\/wp-content\/uploads\/2023\/10\/Coolio-Faehrtenarbeit.png\" alt=\"\" width=\"600\" height=\"338\"><\/p>\n<p>Dass ein Hund eine sehr gute Nase hat ist eigentlich jedem bekannt. Er erlebt und erfasst sein Umfeld in erster Linie mit seinem ausgepr\u00e4gten Geruchssinn. Deshalb setzt der Mensch diesen au\u00dferordentliche guten Geruchssinn schon lange f\u00fcr die unterschiedlichsten Weisen ein.<\/p>\n<p>Die F\u00e4hrtenarbeit ist ein M\u00f6glichkeit im Hundesport, egal welcher Rasse und welchen Alters. Grunds\u00e4tzlich kann man schon mit einem Welpen mit dieser Arbeit beginnen. In dieser Ausbildungseinheit wird dem Hund (je nach Alter) das freudige Suchen von Gegenst\u00e4nden, welche der Hundef\u00fchrer selbst oder ein fremder Mensch verloren hat (Gegenst\u00e4nde k\u00f6nnen pers\u00f6nliche Gegenst\u00e4nde, Holz- und Lederst\u00fccke) vermittelt.<\/p>\n<p>Es besteht die M\u00f6glichkeit Pr\u00fcfungen (3 Schwierigkeitsgrade) in der F\u00e4hrte abzulegen.<\/p>\n<h1 style=\"text-align: center;\">&nbsp;<\/h1>\n<h1 style=\"text-align: center;\">&nbsp;<\/h1>\n<h1 style=\"text-align: center;\"><b>Schutzarbeit:<\/b><\/h1>\n<h2><img loading=\"lazy\" decoding=\"async\" src=\"https:\/\/www.tiroler-dobermannklub.com\/wp-content\/uploads\/2023\/10\/Coolio-Stellen-und-Verbellen.jpg\" alt=\"\" width=\"350\" height=\"382\"><\/h2>\n<p>Diese Ausbildung wird generell nur bei Hunden angeboten, welche von der Rasse, und von der Veranlagung dazu geeignet sind. Zudem muss der Ausbildungsgrad der Unterordnung entsprechend hoch sein.<b><br \/>\n<\/b><\/p>\n<p><b>Die Schutzhundeausbildung wird als reine Beutearbeit ohne Agression oder adversive Mittel ausgebildet!!!<br \/>\n<\/b><\/p>\n<p>Der Sinn einer solchen Arbeit ist es einmal, dass der Hund sich gezielt mit einem Beutespiel abreagieren kann und vor allem wenn er einmal in eine Situation kommt, wo die Reizschwelle \u00fcberschritten ist auch noch im Gehorsam zum Hundef\u00fchrer steht.<\/p>\n<p>Auch im Schutzdienst k\u00f6nnen 3 Pr\u00fcfungsstufen (<strong>IPG 1, IGP 2 und IGP 3<\/strong>) abgelegt werden, wobei diese Pr\u00fcfung F\u00e4hrte, Unterordnung und Schutzdienst umfasst.<\/p>\n<h1 style=\"text-align: center;\">&nbsp;<\/h1>\n<h1 style=\"text-align: center;\"><b>Problemhundeausbildung:<\/b><\/h1>\n<p>Grunds\u00e4tzlich werden f\u00fcr alle Hunde, welche mit gewissen Dingen (z. Bsp.: Wesenfestigkeit, Angstverhalten, Dominanzverhalten, usw.) Probleme haben auch Einzeleinheiten oder auf den jeweiligen Hund abgestimmte Trainingsprogramme angeboten. Diese Einheiten werden im Vorfeld&nbsp; nach einer gr\u00fcndlichen Analyse der Probleme mit dem jeweiligen Halter abgestimmt und umgesetzt.<\/p>\n<h2>Kurszeiten &amp; Geb\u00fchren<\/h2>\n<p><b>Kurszeiten &amp; Tage werden je nach Jahreszeit zumeist \u00fcber eine Whatsapp Gruppe oder direkte Absprache vereinbart, Trainings f\u00fcr Pr\u00fcfungs- und Tuniergeher immer separat.<\/b><\/p>\n<p><b>Die einzelnen Kurse werden in 10 Abrichtetageseinheiten (10er Block) umgesetzt. Anschlie\u00dfende \u00d6KV Pr\u00fcfung durch \u00d6KV Richter (Mindestalter des Hundes 1 Jahr) m\u00f6glich. <\/b><\/p>\n<table border=\"1\" cellpadding=\"5\">\n<tbody>\n<tr>\n<td><b>Die Kurse und Trainings werden von <em>gepr\u00fcften \u00d6KV Trainern bzw. Kursleitern<\/em> durchgef\u00fchrt, welche sich in fortlaufenden Weiterbildungen befinden, um die Qualit\u00e4t und Aktualit\u00e4t unserer Ausbildungsmethoden zu gew\u00e4hrleisten!<br \/>\n<\/b><\/td>\n<\/tr>\n<\/tbody>\n<\/table>\n<h3 align=\"center\"><b>Geb\u00fchren Tiroler Dobermann Klub (ohne Gew\u00e4hr)<\/b><\/h3>\n<table border=\"1\" cellspacing=\"0\" cellpadding=\"0\">\n<tbody>\n<tr>\n<td valign=\"bottom\" nowrap=\"nowrap\" width=\"253\"><strong>Kursart<\/strong><\/td>\n<td valign=\"bottom\" nowrap=\"nowrap\" width=\"124\">\n<p align=\"center\"><b>1.Kurs<\/b><\/p>\n<\/td>\n<td valign=\"bottom\" nowrap=\"nowrap\" width=\"111\">\n<p align=\"center\"><b>ab dem 2.Kurs<\/b><\/p>\n<\/td>\n<td valign=\"bottom\" nowrap=\"nowrap\" width=\"145\">\n<p align=\"center\"><b>TDK Mitglied<\/b><\/p>\n<\/td>\n<\/tr>\n<tr>\n<td nowrap=\"nowrap\">Welpenspielstunde<\/td>\n<td valign=\"bottom\" nowrap=\"nowrap\">\n<p align=\"center\">\u20ac&nbsp;&nbsp;&nbsp;&nbsp;&nbsp;&nbsp;&nbsp;&nbsp;&nbsp;&nbsp; 70,00<\/p>\n<\/td>\n<td valign=\"bottom\" nowrap=\"nowrap\">\n<p align=\"center\">&nbsp;<\/p>\n<\/td>\n<td valign=\"bottom\" nowrap=\"nowrap\">\n<p align=\"center\">gratis<\/p>\n<\/td>\n<\/tr>\n<tr>\n<td nowrap=\"nowrap\">Junghundekurs<\/td>\n<td valign=\"bottom\" nowrap=\"nowrap\">\n<p align=\"center\">\u20ac&nbsp;&nbsp;&nbsp;&nbsp;&nbsp;&nbsp;&nbsp;&nbsp;&nbsp;&nbsp; 70,00<\/p>\n<\/td>\n<td valign=\"bottom\" nowrap=\"nowrap\">\n<p align=\"center\">&nbsp;<\/p>\n<\/td>\n<td valign=\"bottom\" nowrap=\"nowrap\">\n<p align=\"center\">\u20ac&nbsp; 35,00 \u2013 j\u00e4hrlich<\/p>\n<\/td>\n<\/tr>\n<tr>\n<td nowrap=\"nowrap\">BH &#8211; Theorie<\/td>\n<td valign=\"bottom\" nowrap=\"nowrap\">\n<p align=\"center\">\u20ac&nbsp;&nbsp;&nbsp;&nbsp;&nbsp;&nbsp;&nbsp;&nbsp;&nbsp;&nbsp; 50,00<\/p>\n<\/td>\n<td valign=\"bottom\" nowrap=\"nowrap\">\n<p align=\"center\">&nbsp;<\/p>\n<\/td>\n<td valign=\"bottom\" nowrap=\"nowrap\">\n<p align=\"center\">\u20ac&nbsp;&nbsp;&nbsp;&nbsp;&nbsp;&nbsp;&nbsp;&nbsp;&nbsp;&nbsp;&nbsp;&nbsp;&nbsp;&nbsp;&nbsp; 25,00<\/p>\n<\/td>\n<\/tr>\n<tr>\n<td nowrap=\"nowrap\">BH &#8211; Praxiskurs<\/td>\n<td valign=\"bottom\" nowrap=\"nowrap\">\n<p align=\"center\">\u20ac&nbsp;&nbsp;&nbsp;&nbsp;&nbsp;&nbsp;&nbsp;&nbsp;&nbsp;&nbsp; 200,00<\/p>\n<\/td>\n<td valign=\"bottom\" nowrap=\"nowrap\">\n<p align=\"center\">&nbsp;<\/p>\n<\/td>\n<td valign=\"bottom\" nowrap=\"nowrap\">\n<p align=\"center\">\u20ac 50,00 \u2013 j\u00e4hrlich<\/p>\n<\/td>\n<\/tr>\n<tr>\n<td nowrap=\"nowrap\">BGH 1 \u2013 BGH 3 Kurse<\/td>\n<td valign=\"bottom\" nowrap=\"nowrap\">\n<p align=\"center\">\u20ac&nbsp;&nbsp;&nbsp;&nbsp;&nbsp;&nbsp;&nbsp;&nbsp;&nbsp;&nbsp; 200,00<\/p>\n<\/td>\n<td valign=\"bottom\" nowrap=\"nowrap\">\n<p align=\"center\">\u20ac&nbsp;&nbsp;&nbsp;&nbsp;&nbsp;&nbsp;&nbsp; 60,00<\/p>\n<\/td>\n<td valign=\"bottom\" nowrap=\"nowrap\">\n<p align=\"center\">\u20ac 50,00 \u2013 j\u00e4hrlich<\/p>\n<\/td>\n<\/tr>\n<tr>\n<td nowrap=\"nowrap\">Schutzhundeausbildung j\u00e4hrlich<\/td>\n<td valign=\"bottom\" nowrap=\"nowrap\">\n<p align=\"center\">\u20ac&nbsp;&nbsp;&nbsp;&nbsp;&nbsp;&nbsp;&nbsp;&nbsp; 150,00<\/p>\n<\/td>\n<td valign=\"bottom\" nowrap=\"nowrap\">\n<p align=\"center\">&nbsp;<\/p>\n<\/td>\n<td valign=\"bottom\" nowrap=\"nowrap\">\n<p align=\"center\">gratis<\/p>\n<\/td>\n<\/tr>\n<tr>\n<td nowrap=\"nowrap\">F\u00e4hrtenausbildung<\/td>\n<td valign=\"bottom\" nowrap=\"nowrap\">\n<p align=\"center\">\u20ac&nbsp;&nbsp;&nbsp;&nbsp;&nbsp;&nbsp;&nbsp;&nbsp; 100,00<\/p>\n<\/td>\n<td valign=\"bottom\" nowrap=\"nowrap\">\n<p align=\"center\">\u20ac&nbsp;&nbsp;&nbsp;&nbsp;&nbsp;&nbsp; 100,00<\/p>\n<\/td>\n<td valign=\"bottom\" nowrap=\"nowrap\">\n<p align=\"center\">gratis<\/p>\n<\/td>\n<\/tr>\n<tr>\n<td valign=\"bottom\" nowrap=\"nowrap\" width=\"253\">&nbsp;<\/td>\n<td valign=\"bottom\" nowrap=\"nowrap\">\n<p align=\"center\">&nbsp;<\/p>\n<\/td>\n<td valign=\"bottom\" nowrap=\"nowrap\">\n<p align=\"center\">&nbsp;<\/p>\n<\/td>\n<td valign=\"bottom\" nowrap=\"nowrap\">\n<p align=\"center\">&nbsp;<\/p>\n<\/td>\n<\/tr>\n<tr>\n<td valign=\"bottom\" nowrap=\"nowrap\">Pr\u00fcfungsgeb\u00fchr pro Pr\u00fcfung<\/td>\n<td valign=\"bottom\" nowrap=\"nowrap\">\n<p align=\"center\">\u20ac&nbsp; &nbsp; &nbsp; &nbsp; &nbsp; &nbsp;45,00<\/p>\n<\/td>\n<td valign=\"bottom\" nowrap=\"nowrap\">\n<p align=\"center\">\u20ac&nbsp; &nbsp; &nbsp; &nbsp; 45,00<\/p>\n<\/td>\n<td valign=\"bottom\" nowrap=\"nowrap\">\n<p align=\"center\">\u20ac&nbsp; &nbsp; &nbsp; &nbsp; &nbsp; &nbsp; &nbsp; &nbsp;45,00<\/p>\n<\/td>\n<\/tr>\n<tr>\n<td valign=\"bottom\" nowrap=\"nowrap\">Abrichteplatzben\u00fctzungsgeb\u00fchr &#8211; j\u00e4hrlich<\/td>\n<td valign=\"bottom\" nowrap=\"nowrap\">\n<p align=\"center\">\u20ac&nbsp; &nbsp;&nbsp;&nbsp;&nbsp;&nbsp;&nbsp;&nbsp;150,00<\/p>\n<\/td>\n<td valign=\"bottom\" nowrap=\"nowrap\">\n<p align=\"center\">&nbsp;<\/p>\n<\/td>\n<td valign=\"bottom\" nowrap=\"nowrap\">\n<p align=\"center\">gratis<\/p>\n<\/td>\n<\/tr>\n<\/tbody>\n<\/table>\n<p><strong>&nbsp;Mitgliedschaft im Tiroler Dobermann Klub&nbsp;&nbsp;&nbsp;&nbsp;&nbsp;&nbsp; Euro 70,00 \/ j\u00e4hrlich<\/strong><\/p>\n","protected":false},"excerpt":{"rendered":"<p>Welpen bzw. Junghunde Da im Welpenalter die Sozialisierung das wichtigste ist wird die besonders gef\u00f6rdert. Die sogen. Welpenspielstunde ist daf\u00fcr gedacht, dass der Welpen mit dem Umgang mit dem Menschen sowie anderen Hunden in allen Lebenslagen zurecht kommt. Dazu geh\u00f6rt das Spazierengehen, in Kaffeeh\u00e4user und Einkaufszentren gehen, Autofahren, Umgang mit Kindern, sich Dinge abnehmen lassen, [&hellip;]<\/p>\n","protected":false},"author":1,"featured_media":0,"parent":0,"menu_order":0,"comment_status":"closed","ping_status":"closed","template":"","meta":{"ngg_post_thumbnail":0,"ocean_post_layout":"","ocean_both_sidebars_style":"","ocean_both_sidebars_content_width":0,"ocean_both_sidebars_sidebars_width":0,"ocean_sidebar":"0","ocean_second_sidebar":"0","ocean_disable_margins":"enable","ocean_add_body_class":"","ocean_shortcode_before_top_bar":"","ocean_shortcode_after_top_bar":"","ocean_shortcode_before_header":"","ocean_shortcode_after_header":"","ocean_has_shortcode":"","ocean_shortcode_after_title":"","ocean_shortcode_before_footer_widgets":"","ocean_shortcode_after_footer_widgets":"","ocean_shortcode_before_footer_bottom":"","ocean_shortcode_after_footer_bottom":"","ocean_display_top_bar":"default","ocean_display_header":"default","ocean_header_style":"","ocean_center_header_left_menu":"0","ocean_custom_header_template":"0","ocean_custom_logo":0,"ocean_custom_retina_logo":0,"ocean_custom_logo_max_width":0,"ocean_custom_logo_tablet_max_width":0,"ocean_custom_logo_mobile_max_width":0,"ocean_custom_logo_max_height":0,"ocean_custom_logo_tablet_max_height":0,"ocean_custom_logo_mobile_max_height":0,"ocean_header_custom_menu":"0","ocean_menu_typo_font_family":"0","ocean_menu_typo_font_subset":"","ocean_menu_typo_font_size":0,"ocean_menu_typo_font_size_tablet":0,"ocean_menu_typo_font_size_mobile":0,"ocean_menu_typo_font_size_unit":"px","ocean_menu_typo_font_weight":"","ocean_menu_typo_font_weight_tablet":"","ocean_menu_typo_font_weight_mobile":"","ocean_menu_typo_transform":"","ocean_menu_typo_transform_tablet":"","ocean_menu_typo_transform_mobile":"","ocean_menu_typo_line_height":0,"ocean_menu_typo_line_height_tablet":0,"ocean_menu_typo_line_height_mobile":0,"ocean_menu_typo_line_height_unit":"","ocean_menu_typo_spacing":0,"ocean_menu_typo_spacing_tablet":0,"ocean_menu_typo_spacing_mobile":0,"ocean_menu_typo_spacing_unit":"","ocean_menu_link_color":"","ocean_menu_link_color_hover":"","ocean_menu_link_color_active":"","ocean_menu_link_background":"","ocean_menu_link_hover_background":"","ocean_menu_link_active_background":"","ocean_menu_social_links_bg":"","ocean_menu_social_hover_links_bg":"","ocean_menu_social_links_color":"","ocean_menu_social_hover_links_color":"","ocean_disable_title":"enable","ocean_disable_heading":"default","ocean_post_title":"","ocean_post_subheading":"","ocean_post_title_style":"","ocean_post_title_background_color":"","ocean_post_title_background":0,"ocean_post_title_bg_image_position":"","ocean_post_title_bg_image_attachment":"","ocean_post_title_bg_image_repeat":"","ocean_post_title_bg_image_size":"","ocean_post_title_height":0,"ocean_post_title_bg_overlay":0.5,"ocean_post_title_bg_overlay_color":"","ocean_disable_breadcrumbs":"default","ocean_breadcrumbs_color":"","ocean_breadcrumbs_separator_color":"","ocean_breadcrumbs_links_color":"","ocean_breadcrumbs_links_hover_color":"","ocean_display_footer_widgets":"default","ocean_display_footer_bottom":"default","ocean_custom_footer_template":"0","footnotes":""},"class_list":["post-197","page","type-page","status-publish","hentry","entry"],"_links":{"self":[{"href":"https:\/\/www.tiroler-dobermannklub.com\/index.php?rest_route=\/wp\/v2\/pages\/197","targetHints":{"allow":["GET"]}}],"collection":[{"href":"https:\/\/www.tiroler-dobermannklub.com\/index.php?rest_route=\/wp\/v2\/pages"}],"about":[{"href":"https:\/\/www.tiroler-dobermannklub.com\/index.php?rest_route=\/wp\/v2\/types\/page"}],"author":[{"embeddable":true,"href":"https:\/\/www.tiroler-dobermannklub.com\/index.php?rest_route=\/wp\/v2\/users\/1"}],"replies":[{"embeddable":true,"href":"https:\/\/www.tiroler-dobermannklub.com\/index.php?rest_route=%2Fwp%2Fv2%2Fcomments&post=197"}],"version-history":[{"count":75,"href":"https:\/\/www.tiroler-dobermannklub.com\/index.php?rest_route=\/wp\/v2\/pages\/197\/revisions"}],"predecessor-version":[{"id":871,"href":"https:\/\/www.tiroler-dobermannklub.com\/index.php?rest_route=\/wp\/v2\/pages\/197\/revisions\/871"}],"wp:attachment":[{"href":"https:\/\/www.tiroler-dobermannklub.com\/index.php?rest_route=%2Fwp%2Fv2%2Fmedia&parent=197"}],"curies":[{"name":"wp","href":"https:\/\/api.w.org\/{rel}","templated":true}]}}